{"id":253765,"date":"2026-02-12T10:58:29","date_gmt":"2026-02-12T09:58:29","guid":{"rendered":"https:\/\/matrixintelligence.swiss\/?page_id=253765"},"modified":"2026-02-12T11:03:30","modified_gmt":"2026-02-12T10:03:30","slug":"policy-html","status":"publish","type":"page","link":"https:\/\/matrixintelligence.swiss\/fr\/policy-html\/","title":{"rendered":"Vie priv\u00e9e"},"content":{"rendered":"<div class=\"et_d4_element et_pb_section et_pb_section_0 et_pb_with_background  et_pb_css_mix_blend_mode et_section_regular et_block_section\" >\n\t\t\t\t\n\t\t\t\t\n\t\t\t\t\n\t\t\t\t\n\t\t\t\t\n\t\t\t\t\n\t\t\t\t<div class=\"et_d4_element et_pb_row et_pb_row_0  et_pb_css_mix_blend_mode et_block_row\">\n\t\t\t\t<div class=\"et_d4_element et_pb_column_4_4 et_pb_column et_pb_column_0  et_pb_css_mix_blend_mode et-last-child et_block_column\">\n\t\t\t\t\n\t\t\t\t\n\t\t\t\t\n\t\t\t\t\n\t\t\t\t<div class=\"et_pb_module et_d4_element et_pb_text et_pb_text_0  et_pb_text_align_left et_pb_bg_layout_light\">\n\t\t\t\t\n\t\t\t\t\n\t\t\t\t\n\t\t\t\t\n\t\t\t\t<div class=\"et_pb_text_inner\"><div class=\"et_pb_column et_pb_column_4_4 et_pb_column_0  et_pb_css_mix_blend_mode_passthrough et-last-child\">\n<div class=\"et_pb_module et_pb_text et_pb_text_0  et_pb_text_align_left et_pb_bg_layout_light\">\n<div class=\"et_pb_text_inner\">\n<div class=\"et_pb_text et_pb_module et_pb_bg_layout_light et_pb_text_align_left et_pb_text_0\">\n<div class=\"et_pb_text_inner\">\n<h2>Protection des donn\u00e9es<\/h2>\n<p>Conform\u00e9ment \u00e0 l'article 13 de la Constitution f\u00e9d\u00e9rale et aux dispositions l\u00e9gales de la Conf\u00e9d\u00e9ration suisse relatives \u00e0 la protection des donn\u00e9es, chacun a droit au respect de sa vie priv\u00e9e et \u00e0 la protection contre l'utilisation abusive de ses donn\u00e9es personnelles. Nous nous conformons rigoureusement \u00e0 ces dispositions. Les donn\u00e9es personnelles sont trait\u00e9es avec la plus grande prudence et ne sont ni vendues ni transmises \u00e0 des tiers. Nous nous effor\u00e7ons de prot\u00e9ger le plus possible les banques de donn\u00e9es contre les intrusions ext\u00e9rieures, les pertes, les abus et les falsifications. En cas d'acc\u00e8s \u00e0 notre site web, les donn\u00e9es suivantes sont enregistr\u00e9es : l'identifiant IP, les donn\u00e9es, l'heure, le nom du syst\u00e8me de navigation et toutes les informations g\u00e9n\u00e9ralement transmises par le syst\u00e8me op\u00e9rationnel, mais aussi par le logiciel de navigation Internet (Browser). Utiliser les services de <a title=\"Acc\u00e9der \u00e0 Google Analytics\" href=\"http:\/\/www.google.com\/intl\/it\/policies\/privacy\/\" target=\"_blank\" rel=\"noopener noreferrer\"><u>Google Analytics<\/u><\/a>, <a href=\"https:\/\/www.facebook.com\/about\/privacy\" target=\"_blank\" rel=\"noopener noreferrer\"><u>Services Facebook<\/u><\/a> ai quali vengono trasmessi i dati in questione, per valutazioni statistiche sulle tendenze d'uso del sito al fine di migliorarne l'offera. Ces donn\u00e9es permettent d'\u00e9laborer des statistiques sous forme anonyme afin d'identifier les tendances, dans le but d'am\u00e9liorer l'offre. Les donn\u00e9es relatives \u00e0 l'utilisation ne sont pas associ\u00e9es \u00e0 des donn\u00e9es personnelles. La loi f\u00e9d\u00e9rale sur la protection de la correspondance postale et du trafic des t\u00e9l\u00e9communications (LSCPT) pr\u00e9voit l'obligation de conserver pendant sept mois l'ensemble des donn\u00e9es relatives \u00e0 la connexion. Ces normes ne s'appliquent pas en cas d'acc\u00e8s volontaire. Lors de l'enregistrement de votre adresse e-mail, celle-ci est archiv\u00e9e dans une banque de donn\u00e9es s\u00e9par\u00e9e et non dans un fichier d'archivage anonyme. Vous pouvez annuler votre enregistrement \u00e0 tout moment. \u00a0<\/p>\n<div class=\"et_pb_text et_pb_module et_pb_bg_layout_light et_pb_text_align_left et_pb_text_1\">\n<div class=\"et_pb_text_inner\">\n<h2><\/h2>\n<h2><\/h2>\n<h2>Droits d'auteur<\/h2>\n<p>Toutes les informations publi\u00e9es sur le site <strong>matrixintelligence.swiss<\/strong> sont notre propri\u00e9t\u00e9 exclusive. Cette propri\u00e9t\u00e9 exclusive s'applique \u00e9galement aux communications par courrier \u00e9lectronique de tout genre, aux messages post\u00e9s sur Facebook ou tout autre r\u00e9seau social, aux articles imprim\u00e9s et aux articles du blog. Sur demande et exclusivement sous la forme \u00e9crite, nous pouvons consentir \u00e0 l'utilisation, \u00e0 la reproduction et \u00e0 la distribution \u00e0 des fins non commerciales des informations contenues sur le site, \u00e0 condition que cela soit explicitement indiqu\u00e9 sur la page. L'utilisation des images photographiques est, par contre, subordonn\u00e9e au paiement des droits aux auteurs. Les droits immat\u00e9riels des tiers restent r\u00e9serv\u00e9s. \u00a0<\/p>\n<\/div>\n<\/div>\n<\/div>\n<\/div>\n<div class=\"et_pb_text et_pb_module et_pb_bg_layout_light et_pb_text_align_left et_pb_text_2\">\n<div class=\"et_pb_text_inner\">\n<h2>Informations juridiques<\/h2>\n<p>Ce qui a \u00e9t\u00e9 publi\u00e9 sur le site <strong>matrixintelligence.swiss<\/strong>\u00a0non costituisce informazione vincolante ai sensi di legge. Nous nous r\u00e9servons le droit d'apporter des modifications au contenu du site. <strong>matrixintelligence.swiss<\/strong> \u00e0 tout moment et sans pr\u00e9avis, en d\u00e9clinant toute responsabilit\u00e9 concernant d'\u00e9ventuelles erreurs mat\u00e9rielles ou lacunes dans les textes pr\u00e9sent\u00e9s, ainsi que pour les modifications apport\u00e9es par ces derniers. Les textes dont la validit\u00e9 juridique est reconnue ne doivent \u00eatre reproduits qu'une seule fois. Les rumeurs et les connexions \u00e0 des sites web de tiers ne rel\u00e8vent pas de notre responsabilit\u00e9. L'utilisateur consulte et utilise ces pages web \u00e0 ses propres risques et p\u00e9rils. Nous d\u00e9clarons explicitement n'avoir aucune influence sur la forme, le contenu et les offres des pages associ\u00e9es et d\u00e9clinons toute responsabilit\u00e9 \u00e0 l'\u00e9gard de ces pages web. Les informations et les services offerts par ces pages web rel\u00e8vent essentiellement de la responsabilit\u00e9 de leurs auteurs. Nous nous r\u00e9servons le droit de prendre des mesures judiciaires contre toute violation de la loi f\u00e9d\u00e9rale sur le droit d'auteur et de la loi f\u00e9d\u00e9rale sur la concurrence d\u00e9loyale.<\/p>\n<\/div>\n<\/div>\n<\/div>\n<\/div>\n<\/div><\/div>\n\t\t\t<\/div>\n\t\t\t<\/div>\n\t\t\t\t\n\t\t\t\t\n\t\t\t\t\n\t\t\t\t\n\t\t\t<\/div>\n\t\t\t\t\n\t\t\t\t\n\t\t\t<\/div>","protected":false},"excerpt":{"rendered":"","protected":false},"author":3,"featured_media":0,"parent":0,"menu_order":0,"comment_status":"closed","ping_status":"closed","template":"","meta":{"_et_pb_use_builder":"on","_et_pb_old_content":"","_et_gb_content_width":"","footnotes":""},"class_list":["post-253765","page","type-page","status-publish","hentry"],"_links":{"self":[{"href":"https:\/\/matrixintelligence.swiss\/fr\/wp-json\/wp\/v2\/pages\/253765","targetHints":{"allow":["GET"]}}],"collection":[{"href":"https:\/\/matrixintelligence.swiss\/fr\/wp-json\/wp\/v2\/pages"}],"about":[{"href":"https:\/\/matrixintelligence.swiss\/fr\/wp-json\/wp\/v2\/types\/page"}],"author":[{"embeddable":true,"href":"https:\/\/matrixintelligence.swiss\/fr\/wp-json\/wp\/v2\/users\/3"}],"replies":[{"embeddable":true,"href":"https:\/\/matrixintelligence.swiss\/fr\/wp-json\/wp\/v2\/comments?post=253765"}],"version-history":[{"count":3,"href":"https:\/\/matrixintelligence.swiss\/fr\/wp-json\/wp\/v2\/pages\/253765\/revisions"}],"predecessor-version":[{"id":253770,"href":"https:\/\/matrixintelligence.swiss\/fr\/wp-json\/wp\/v2\/pages\/253765\/revisions\/253770"}],"wp:attachment":[{"href":"https:\/\/matrixintelligence.swiss\/fr\/wp-json\/wp\/v2\/media?parent=253765"}],"curies":[{"name":"wp","href":"https:\/\/api.w.org\/{rel}","templated":true}]}}