{"id":253765,"date":"2026-02-12T10:58:29","date_gmt":"2026-02-12T09:58:29","guid":{"rendered":"https:\/\/matrixintelligence.swiss\/?page_id=253765"},"modified":"2026-02-12T11:03:30","modified_gmt":"2026-02-12T10:03:30","slug":"policy-html","status":"publish","type":"page","link":"https:\/\/matrixintelligence.swiss\/en\/policy-html\/","title":{"rendered":"Privacy"},"content":{"rendered":"\n<div class=\"et_d4_element et_pb_section et_pb_section_0 et_pb_with_background  et_pb_css_mix_blend_mode et_section_regular et_block_section\" >\n\t\t\t\t\n\t\t\t\t\n\t\t\t\t\n\t\t\t\t\n\t\t\t\t\n\t\t\t\t\n\t\t\t\t<div class=\"et_d4_element et_pb_row et_pb_row_0  et_pb_css_mix_blend_mode et_block_row\">\n\t\t\t\t<div class=\"et_d4_element et_pb_column_4_4 et_pb_column et_pb_column_0  et_pb_css_mix_blend_mode et-last-child et_block_column\">\n\t\t\t\t\n\t\t\t\t\n\t\t\t\t\n\t\t\t\t\n\t\t\t\t<div class=\"et_pb_module et_d4_element et_pb_text et_pb_text_0  et_pb_text_align_left et_pb_bg_layout_light\">\n\t\t\t\t\n\t\t\t\t\n\t\t\t\t\n\t\t\t\t\n\t\t\t\t<div class=\"et_pb_text_inner\"><div class=\"et_pb_column et_pb_column_4_4 et_pb_column_0  et_pb_css_mix_blend_mode_passthrough et-last-child\">\n<div class=\"et_pb_module et_pb_text et_pb_text_0  et_pb_text_align_left et_pb_bg_layout_light\">\n<div class=\"et_pb_text_inner\">\n<div class=\"et_pb_text et_pb_module et_pb_bg_layout_light et_pb_text_align_left et_pb_text_0\">\n<div class=\"et_pb_text_inner\">\n<h2>Protezione dei dati<\/h2>\n<p>Ai sensi dell\u2019articolo 13 della Costituzione federale e secondo le disposizioni legali della Confederazione svizzera sulla protezione dei dati, ognuno ha diritto al rispetto della sua vita privata nonch\u00e9 d\u2019essere protetto da un impiego abusivo dei suoi dati personali. Ci atteniamo rigorosamente a queste disposizioni. I dati personali sono trattati con la massima riservatezza e non sono venduti n\u00e9 trasmessi a terzi. Ci sforziamo di proteggere al meglio possibile le banche dati da intrusioni esterne, perdite, abusi o falsificazioni. In caso di accesso al nostro sito web vengono registrati i dati seguenti: l\u2019indirizzo IP, la data, l\u2019ora, la chiamata del sistema di navigazione e tutte le informazioni generalmente trasmesse dal sistema operativo rispettivamente dal software di navigazione internet (Browser). Utilizziamo i servizi di <a title=\"Vai a Google Analytics\" href=\"http:\/\/www.google.com\/intl\/it\/policies\/privacy\/\" target=\"_blank\" rel=\"noopener noreferrer\"><u>Google Analytics<\/u><\/a>, <a href=\"https:\/\/www.facebook.com\/about\/privacy\" target=\"_blank\" rel=\"noopener noreferrer\"><u>Servizi Facebook<\/u><\/a> ai quali vengono trasmessi i dati in questione, per valutazioni statistiche sulle tendenze d\u2019uso del sito al fine di migliorarne l\u2019offerta. Questi dati ci permettono d\u2019elaborare valutazioni statistiche in forma anonima in modo tale da identificarne le tendenze, con lo scopo di migliorare l\u2019offerta. I dati sull\u2019utilizzazione non vengono da noi associati a dati personali. Secondo la legge federale sulla sorveglianza della corrispondenza postale e del traffico delle telecomunicazioni (LSCPT) esiste un\u2019obbligazione di conservare a sei mesi almeno i dati di collegamento. Queste norme non si applicano in caso di accesso volontario. Durante la registrazione del vostro indirizzo e-mail, quest\u2019ultimo viene archiviato in una banca dati separata e non nei file di archivio anonimi. Potete annullare in qualsiasi momento la vostra registrazione. \u00a0<\/p>\n<div class=\"et_pb_text et_pb_module et_pb_bg_layout_light et_pb_text_align_left et_pb_text_1\">\n<div class=\"et_pb_text_inner\">\n<h2><\/h2>\n<h2><\/h2>\n<h2>Diritti d\u2019autore<\/h2>\n<p>Tutte le informazioni pubblicate sul sito <strong>matrixintelligence.swiss<\/strong> sono di nostra esclusiva propriet\u00e0. Questa esclusiva propriet\u00e0 si estende anche alle comunicazioni via mail di ogni genere, post su Facebook e qualsiasi altro Social Network, articoli stampati e articoli del blog. Su richiesta ed esclusivamente in forma scritta possiamo consentire l\u2019utilizzo, la riproduzione e la distribuzione a scopo non commerciale delle informazioni contenute sul sito a condizione che venga esplicitamente indicata la fonte. L\u2019uso delle immagini fotografiche \u00e8, per contro, gravato dal pagamento dei diritti agli autori. Restano riservati i diritti immateriali di terzi. \u00a0<\/p>\n<\/div>\n<\/div>\n<\/div>\n<\/div>\n<div class=\"et_pb_text et_pb_module et_pb_bg_layout_light et_pb_text_align_left et_pb_text_2\">\n<div class=\"et_pb_text_inner\">\n<h2>Informazioni legali<\/h2>\n<p>Quanto pubblicato sul sito <strong>matrixintelligence.swiss<\/strong>\u00a0non costituisce informazione vincolante ai sensi di legge. Ci riserviamo il diritto di apportare modifiche al contenuto di <strong>matrixintelligence.swiss<\/strong> in qualsiasi momento e senza alcun preavviso, declinando ogni responsabilit\u00e0 circa eventuali inesattezze materiali o lacune nei testi presenti, cos\u00ec come per gli aggiornamenti degli stessi. Fanno fede unicamente i testi la cui validit\u00e0 legale \u00e8 riconosciuta. Rimandi e collegamenti a siti web di terzi non rientrano nella sfera della nostra\u00a0responsabilit\u00e0. L\u2019utente consulta e utilizza queste pagine web a proprio rischio e pericolo. Dichiariamo esplicitamente di non avere nessuna influenza sulla forma, il contenuto e le offerte delle pagine collegate e decliniamo ogni responsabilit\u00e0 per queste pagine web. Le informazioni e i servizi offerti da queste pagine web sono interamente di responsabilit\u00e0 dei loro autori. Ci\u00a0riserviamo il diritto di avviare azioni giudiziarie contro qualsiasi violazione della legge federale sul diritto d\u2019autore e della legge federale contro la concorrenza sleale.<\/p>\n<\/div>\n<\/div>\n<\/div>\n<\/div>\n<\/div><\/div>\n\t\t\t<\/div>\n\t\t\t<\/div>\n\t\t\t\t\n\t\t\t\t\n\t\t\t\t\n\t\t\t\t\n\t\t\t<\/div>\n\t\t\t\t\n\t\t\t\t\n\t\t\t<\/div>\n","protected":false},"excerpt":{"rendered":"","protected":false},"author":3,"featured_media":0,"parent":0,"menu_order":0,"comment_status":"closed","ping_status":"closed","template":"","meta":{"_et_pb_use_builder":"on","_et_pb_old_content":"","_et_gb_content_width":"","footnotes":""},"class_list":["post-253765","page","type-page","status-publish","hentry"],"_links":{"self":[{"href":"https:\/\/matrixintelligence.swiss\/en\/wp-json\/wp\/v2\/pages\/253765","targetHints":{"allow":["GET"]}}],"collection":[{"href":"https:\/\/matrixintelligence.swiss\/en\/wp-json\/wp\/v2\/pages"}],"about":[{"href":"https:\/\/matrixintelligence.swiss\/en\/wp-json\/wp\/v2\/types\/page"}],"author":[{"embeddable":true,"href":"https:\/\/matrixintelligence.swiss\/en\/wp-json\/wp\/v2\/users\/3"}],"replies":[{"embeddable":true,"href":"https:\/\/matrixintelligence.swiss\/en\/wp-json\/wp\/v2\/comments?post=253765"}],"version-history":[{"count":3,"href":"https:\/\/matrixintelligence.swiss\/en\/wp-json\/wp\/v2\/pages\/253765\/revisions"}],"predecessor-version":[{"id":253770,"href":"https:\/\/matrixintelligence.swiss\/en\/wp-json\/wp\/v2\/pages\/253765\/revisions\/253770"}],"wp:attachment":[{"href":"https:\/\/matrixintelligence.swiss\/en\/wp-json\/wp\/v2\/media?parent=253765"}],"curies":[{"name":"wp","href":"https:\/\/api.w.org\/{rel}","templated":true}]}}