{"id":253765,"date":"2026-02-12T10:58:29","date_gmt":"2026-02-12T09:58:29","guid":{"rendered":"https:\/\/matrixintelligence.swiss\/?page_id=253765"},"modified":"2026-02-12T11:03:30","modified_gmt":"2026-02-12T10:03:30","slug":"policy-html","status":"publish","type":"page","link":"https:\/\/matrixintelligence.swiss\/de\/policy-html\/","title":{"rendered":"Datenschutz"},"content":{"rendered":"<div class=\"et_d4_element et_pb_section et_pb_section_0 et_pb_with_background  et_pb_css_mix_blend_mode et_section_regular et_block_section\" >\n\t\t\t\t\n\t\t\t\t\n\t\t\t\t\n\t\t\t\t\n\t\t\t\t\n\t\t\t\t\n\t\t\t\t<div class=\"et_d4_element et_pb_row et_pb_row_0  et_pb_css_mix_blend_mode et_block_row\">\n\t\t\t\t<div class=\"et_d4_element et_pb_column_4_4 et_pb_column et_pb_column_0  et_pb_css_mix_blend_mode et-last-child et_block_column\">\n\t\t\t\t\n\t\t\t\t\n\t\t\t\t\n\t\t\t\t\n\t\t\t\t<div class=\"et_pb_module et_d4_element et_pb_text et_pb_text_0  et_pb_text_align_left et_pb_bg_layout_light\">\n\t\t\t\t\n\t\t\t\t\n\t\t\t\t\n\t\t\t\t\n\t\t\t\t<div class=\"et_pb_text_inner\"><div class=\"et_pb_column et_pb_column_4_4 et_pb_column_0  et_pb_css_mix_blend_mode_passthrough et-last-child\">\n<div class=\"et_pb_module et_pb_text et_pb_text_0  et_pb_text_align_left et_pb_bg_layout_light\">\n<div class=\"et_pb_text_inner\">\n<div class=\"et_pb_text et_pb_module et_pb_bg_layout_light et_pb_text_align_left et_pb_text_0\">\n<div class=\"et_pb_text_inner\">\n<h2>Schutz der Daten<\/h2>\n<p>Im Sinne von Artikel 13 der Bundesgesetzgebung und nach den gesetzlichen Bestimmungen des Schweizerischen Bundes f\u00fcr den Datenschutz hat jeder das Recht auf Schutz seiner Privatsph\u00e4re und auf Schutz vor Missbrauch seiner pers\u00f6nlichen Daten. Ci atteniamo rigorosamente a queste disposizioni. I dati personali sono trattati con la massima riservatezza e non sono venduti n\u00e9 trasmessi a terzi. Wir bem\u00fchen uns, die Daten von au\u00dfen, durch Verlust, Missbrauch oder F\u00e4lschung so gut wie m\u00f6glich zu sch\u00fctzen. Im Falle eines Zugriffs auf unsere Website werden folgende Daten registriert: die IP-Adresse, die Daten, die Uhrzeit, der Name des Navigationssystems und alle Informationen, die im Allgemeinen vom Betriebssystem bzw. von der Internetsoftware (Browser) \u00fcbermittelt werden. Utilizziamo i servizi di <a title=\"Vai a Google Analytics\" href=\"http:\/\/www.google.com\/intl\/it\/policies\/privacy\/\" target=\"_blank\" rel=\"noopener noreferrer\"><u>Google Analytics<\/u><\/a>, <a href=\"https:\/\/www.facebook.com\/about\/privacy\" target=\"_blank\" rel=\"noopener noreferrer\"><u>Dienstleistungen Facebook<\/u><\/a> Die betreffenden Daten werden zur statistischen Auswertung der Nutzungstendenzen der Website f\u00fcr die Verbesserung des Angebots verwendet. Diese Daten erm\u00f6glichen es, statistische Auswertungen in anonymisierter Form zu erstellen, um Tendenzen zu erkennen und so das Angebot zu verbessern. Die Daten \u00fcber die Nutzung werden von uns nicht mit pers\u00f6nlichen Daten verkn\u00fcpft. Gem\u00e4\u00df dem Bundesgesetz \u00fcber die Sicherheit der Post und des Telekommunikationsverkehrs (LSCPT) besteht die Verpflichtung, die Verbindungsdaten f\u00fcr einen Zeitraum von sechs Monaten aufzubewahren. Queste norme non si applicano in caso di accesso volontario. W\u00e4hrend der Registrierung der eigenen E-Mail-Adresse wird diese in einer separaten Datenbank und nicht in einer anonymen Datei archiviert. Potete annullare in qualsiasi momento la vostra registrazione. \u00a0<\/p>\n<div class=\"et_pb_text et_pb_module et_pb_bg_layout_light et_pb_text_align_left et_pb_text_1\">\n<div class=\"et_pb_text_inner\">\n<h2><\/h2>\n<h2><\/h2>\n<h2>Diritti d'autore<\/h2>\n<p>Alle Informationen, die auf dieser Website ver\u00f6ffentlicht werden <strong>matrixintelligence.swiss<\/strong> sono di nostra esclusiva propriet\u00e0. Dieses ausschlie\u00dfliche Eigentum erstreckt sich auch auf Mitteilungen per E-Mail jeder Art, Posts auf Facebook und anderen sozialen Netzwerken, gestempelte Artikel und Blog-Artikel. Auf Anfrage und ausschlie\u00dflich in schriftlicher Form k\u00f6nnen wir die Nutzung, die Weiterverwendung und den Vertrieb der auf dieser Website enthaltenen Informationen zu nichtkommerziellen Zwecken unter der Bedingung genehmigen, dass auf der Website ausdr\u00fccklich darauf hingewiesen wird. Die Verwendung der Bilder ist unter Umst\u00e4nden von der Zahlung der Rechte der Autoren abh\u00e4ngig. Restano riservati i diritti immateriali di terzi. \u00a0<\/p>\n<\/div>\n<\/div>\n<\/div>\n<\/div>\n<div class=\"et_pb_text et_pb_module et_pb_bg_layout_light et_pb_text_align_left et_pb_text_2\">\n<div class=\"et_pb_text_inner\">\n<h2>Rechtliche Informationen<\/h2>\n<p>Das, was auf der Website ver\u00f6ffentlicht wird <strong>matrixintelligence.swiss<\/strong>\u00a0nicht costituisce informazione vincolante ai sensi di legge. Ci riserviamo il diritto di apportare modifiche al contenuto di <strong>matrixintelligence.swiss<\/strong> in qualsiasi momento e senza alcun preavviso, declinando ogni responsabilit\u00e0 circa eventuali inesattezze materiali o lacune nei testi presenti, cos\u00ec come per gli aggiornamenti degli stessi. Fanno fede unicamente i testi la cui validit\u00e0 legale \u00e8 riconosciuta. Rimandi e collegamenti a siti web di terzi non rientrano nella sfera della nostra responsabilit\u00e0. L'utente consulta e utilizza queste pagine web a proprio rischio e pericolo. Wir weisen ausdr\u00fccklich darauf hin, dass wir keinen Einfluss auf die Form, den Inhalt und die Angebote der verlinkten Seiten haben und lehnen jede Verantwortung f\u00fcr diese Seiten ab. F\u00fcr die auf diesen Seiten angebotenen Informationen und Dienstleistungen sind grunds\u00e4tzlich die jeweiligen Autoren verantwortlich. Wir behalten uns das Recht vor, gegen jede Verletzung des Bundesgesetzes \u00fcber das Urheberrecht und des Bundesgesetzes \u00fcber den Wettbewerb gerichtlich vorzugehen.<\/p>\n<\/div>\n<\/div>\n<\/div>\n<\/div>\n<\/div><\/div>\n\t\t\t<\/div>\n\t\t\t<\/div>\n\t\t\t\t\n\t\t\t\t\n\t\t\t\t\n\t\t\t\t\n\t\t\t<\/div>\n\t\t\t\t\n\t\t\t\t\n\t\t\t<\/div>","protected":false},"excerpt":{"rendered":"","protected":false},"author":3,"featured_media":0,"parent":0,"menu_order":0,"comment_status":"closed","ping_status":"closed","template":"","meta":{"_et_pb_use_builder":"on","_et_pb_old_content":"","_et_gb_content_width":"","footnotes":""},"class_list":["post-253765","page","type-page","status-publish","hentry"],"_links":{"self":[{"href":"https:\/\/matrixintelligence.swiss\/de\/wp-json\/wp\/v2\/pages\/253765","targetHints":{"allow":["GET"]}}],"collection":[{"href":"https:\/\/matrixintelligence.swiss\/de\/wp-json\/wp\/v2\/pages"}],"about":[{"href":"https:\/\/matrixintelligence.swiss\/de\/wp-json\/wp\/v2\/types\/page"}],"author":[{"embeddable":true,"href":"https:\/\/matrixintelligence.swiss\/de\/wp-json\/wp\/v2\/users\/3"}],"replies":[{"embeddable":true,"href":"https:\/\/matrixintelligence.swiss\/de\/wp-json\/wp\/v2\/comments?post=253765"}],"version-history":[{"count":3,"href":"https:\/\/matrixintelligence.swiss\/de\/wp-json\/wp\/v2\/pages\/253765\/revisions"}],"predecessor-version":[{"id":253770,"href":"https:\/\/matrixintelligence.swiss\/de\/wp-json\/wp\/v2\/pages\/253765\/revisions\/253770"}],"wp:attachment":[{"href":"https:\/\/matrixintelligence.swiss\/de\/wp-json\/wp\/v2\/media?parent=253765"}],"curies":[{"name":"wp","href":"https:\/\/api.w.org\/{rel}","templated":true}]}}