{"id":253093,"date":"2025-11-06T11:48:21","date_gmt":"2025-11-06T10:48:21","guid":{"rendered":"https:\/\/matrixintelligence.swiss\/?page_id=253093"},"modified":"2025-11-06T14:39:59","modified_gmt":"2025-11-06T13:39:59","slug":"tos","status":"publish","type":"page","link":"https:\/\/matrixintelligence.swiss\/de\/tos\/","title":{"rendered":"TOS"},"content":{"rendered":"<div class=\"et_d4_element et_pb_section et_pb_section_0 et_pb_with_background  et_pb_css_mix_blend_mode et_section_regular et_block_section\" >\n\t\t\t\t\n\t\t\t\t\n\t\t\t\t\n\t\t\t\t\n\t\t\t\t\n\t\t\t\t\n\t\t\t\t<div class=\"et_d4_element et_pb_row et_pb_row_0  et_pb_css_mix_blend_mode et_block_row\">\n\t\t\t\t<div class=\"et_d4_element et_pb_column_4_4 et_pb_column et_pb_column_0  et_pb_css_mix_blend_mode et-last-child et_block_column\">\n\t\t\t\t\n\t\t\t\t\n\t\t\t\t\n\t\t\t\t\n\t\t\t\t<div class=\"et_pb_module et_d4_element et_pb_text et_pb_text_0  et_pb_text_align_left et_pb_bg_layout_light\">\n\t\t\t\t\n\t\t\t\t\n\t\t\t\t\n\t\t\t\t\n\t\t\t\t<div class=\"et_pb_text_inner\"><h1 style=\"text-align: center;\">Allgemeine Gesch\u00e4ftsbedingungen<\/h1><\/div>\n\t\t\t<\/div><div class=\"et_pb_module et_d4_element et_pb_divider_0 et_pb_space et_pb_divider_hidden\"><div class=\"et_pb_divider_internal\"><\/div><\/div><div class=\"et_pb_module et_d4_element et_pb_divider_1 et_pb_space et_pb_divider_hidden\"><div class=\"et_pb_divider_internal\"><\/div><\/div><div class=\"et_pb_module et_d4_element et_pb_divider_2 et_pb_space et_pb_divider_hidden\"><div class=\"et_pb_divider_internal\"><\/div><\/div><div class=\"et_pb_module et_d4_element et_pb_text et_pb_text_1  et_pb_text_align_left et_pb_bg_layout_light\">\n\t\t\t\t\n\t\t\t\t\n\t\t\t\t\n\t\t\t\t\n\t\t\t\t<div class=\"et_pb_text_inner\"><div class=\"flex-grow-1\">\n<h5>1. Einleitung:<\/h5>\n<p class=\"text-muted\">1.1. Matrix Intelligence bietet einen Dienst zur Erkennung von Bedrohungen als Instrument zum Schutz von Privatpersonen und Unternehmen an. Der Dienst wird den Nutzern in der Testphase kostenlos und anschlie\u00dfend gegen eine Geb\u00fchr angeboten, mit dem Ziel, Unternehmen vor m\u00f6glichen Verst\u00f6\u00dfen gegen die Cybersicherheit zu sch\u00fctzen.<\/p>\n<p class=\"text-muted\">1.2. Wir bem\u00fchen uns, den Dienst betriebsbereit und funktionsf\u00e4hig zu halten, damit unsere Nutzer ihre Gesch\u00e4ftswerte sch\u00fctzen k\u00f6nnen.<\/p>\n<p class=\"text-muted\">1.3. Matrix Intelligence kann f\u00fcr rechtm\u00e4\u00dfige und legale Zwecke genutzt werden, jedoch gibt es Einschr\u00e4nkungen hinsichtlich der unbefugten Nutzung des Dienstes.<\/p>\n<p>&nbsp;<\/p>\n<h5>2. Verwendung von Informationen:<\/h5>\n<p class=\"text-muted\">2.1. Die Matrix Intelligence zur Verf\u00fcgung gestellten Informationen werden nicht zu kommerziellen Zwecken verkauft oder an Dritte weitergegeben.<\/p>\n<p class=\"text-muted\">2.2. Wir k\u00f6nnen Dritte mit der Erbringung der Dienstleistung beauftragen, wobei wir sicherstellen, dass die bereitgestellten Informationen auf das f\u00fcr das ordnungsgem\u00e4\u00dfe Funktionieren von DocuTrap erforderliche Ma\u00df beschr\u00e4nkt sind.<\/p>\n<p>&nbsp;<\/p>\n<h5>3. Konsequenzen von Handlungen:<\/h5>\n<p class=\"text-muted\">3.1. Die Nutzer sind sich dar\u00fcber im Klaren, dass Handlungen, die \u00fcber Matrix Intelligence vorgenommen werden, rechtliche Konsequenzen haben und eine zivil- oder strafrechtliche Haftung nach sich ziehen k\u00f6nnen. DocuTrap unterst\u00fctzt die Handlungen der Nutzer nicht und \u00fcbernimmt keine Verantwortung f\u00fcr diese.<\/p>\n<p>&nbsp;<\/p>\n<h5>4. Was ist nicht erlaubt:<\/h5>\n<p class=\"text-muted\">4.1. Benutzer d\u00fcrfen Matrix Intelligence nicht f\u00fcr illegale oder f\u00fcr das Unternehmen oder andere sch\u00e4dliche Zwecke verwenden.<\/p>\n<p class=\"text-muted\">4.2. Es ist nicht gestattet, durch den Einsatz von Matrix Intelligence unrechtm\u00e4\u00dfig in Netzwerke, Systeme oder die Sicherheit oder Verbindungen anderer Nutzer einzugreifen.<\/p>\n<p class=\"text-muted\">4.3. Es ist nicht gestattet, das Matrix Intelligence-System zu nutzen oder zu missbrauchen, um andere Nutzer oder deren gesch\u00e4ftliche Aktivit\u00e4ten zu st\u00f6ren oder zu sch\u00e4digen.<\/p>\n<p>&nbsp;<\/p>\n<h5>5. Untersuchung und Durchsetzung von Normen:<\/h5>\n<p class=\"text-muted\">5.1. Matrix Intelligence beh\u00e4lt sich das Recht vor, Verst\u00f6\u00dfe gegen diese Nutzungsbedingungen zu untersuchen. W\u00e4hrend und nach einer Untersuchung kann Matrix Intelligence Ma\u00dfnahmen ergreifen, um Inhalte, die gegen die Normen versto\u00dfen, zu korrigieren oder zu entfernen. Au\u00dferdem kann Matrix Intelligence Informationen \u00fcber Verst\u00f6\u00dfe oder verd\u00e4chtige Aktivit\u00e4ten gegebenenfalls an Dritte, einschlie\u00dflich zust\u00e4ndiger Beh\u00f6rden, weitergeben.<\/p>\n<p>&nbsp;<\/p>\n<h5>6. \u00c4nderungen:<\/h5>\n<p class=\"text-muted\">6.1. Matrix Intelligence beh\u00e4lt sich das Recht vor, diese Nutzungsbedingungen jederzeit zu \u00e4ndern. Die Nutzer werden \u00fcber alle \u00c4nderungen informiert, und die weitere Nutzung des Dienstes bedeutet die Zustimmung zu den neuen Bedingungen.<\/p>\n<p>&nbsp;<\/p>\n<h5>7. Einsatz k\u00fcnstlicher Intelligenz:<\/h5>\n<p class=\"text-muted\">7.1. Matrix Intelligence kann k\u00fcnstliche Intelligenz und Algorithmen des maschinellen Lernens f\u00fcr die Erstellung und Analyse von Inhalten im Zusammenhang mit Cybersicherheit und Bedrohungspr\u00e4vention verwenden.<\/p>\n<p class=\"text-muted\">7.2. Die Nutzer erkennen an, dass die Nutzung k\u00fcnstlicher Intelligenz Risiken und Unsicherheiten mit sich bringen kann, und erkl\u00e4ren sich damit einverstanden, den Dienst auf eigenes Risiko zu nutzen.<\/p>\n<p>&nbsp;<\/p>\n<h5>8. Vertraulichkeit von Informationen:<\/h5>\n<p class=\"text-muted\">8.1. Benutzern wird empfohlen, keine vertraulichen oder sensiblen Informationen in das<\/p>\n<p class=\"text-muted\">Matrix Intelligence-Dienst. Dazu geh\u00f6ren unter anderem Passw\u00f6rter, Anmeldedaten, Finanzdaten oder andere vertrauliche Informationen.<\/p>\n<p class=\"text-muted\">8.2. Matrix Intelligence \u00fcbernimmt keine Verantwortung f\u00fcr die unbefugte Offenlegung sensibler Informationen, die von Benutzern in den Dienst eingegeben wurden.<\/p>\n<p>&nbsp;<\/p>\n<h5>9. Datenschutz:<\/h5>\n<p class=\"text-muted\">9.1. Matrix Intelligence ergreift in \u00dcbereinstimmung mit den geltenden Datenschutzgesetzen und -vorschriften geeignete Ma\u00dfnahmen, um die Daten der Nutzer vor unbefugtem Zugriff, \u00c4nderungen oder Offenlegungen zu sch\u00fctzen.<\/p>\n<p class=\"text-muted\">9.2. Die Nutzer erkennen an, dass es keine absolute Garantie f\u00fcr die Datensicherheit im Internet gibt, und erkl\u00e4ren sich damit einverstanden, den Dienst auf eigenes Risiko zu nutzen.<\/p>\n<p>&nbsp;<\/p>\n<h5>10. Verantwortung des Benutzers:<\/h5>\n<p class=\"text-muted\">10.1. Die Nutzer sind f\u00fcr die Richtigkeit und Rechtm\u00e4\u00dfigkeit der Inhalte verantwortlich, die \u00fcber den Matrix Intelligence-Dienst generiert oder hochgeladen werden.<\/p>\n<p class=\"text-muted\">10.2. Die Nutzer erkennen an, dass die Nutzung des Dienstes auf eigenes Risiko erfolgt, und erkl\u00e4ren sich damit einverstanden, keine Anspr\u00fcche oder Rechtsstreitigkeiten gegen DocuTrap wegen Sch\u00e4den geltend zu machen, die aus der Nutzung des Dienstes resultieren.<\/p>\n<p>&nbsp;<\/p>\n<h5>11. Streitbeilegung:<\/h5>\n<p class=\"text-muted\">11.1. Alle Streitigkeiten oder Anspr\u00fcche, die sich aus der Nutzung des Matrix Intelligence-Dienstes ergeben, werden durch Verhandlungen in gutem Glauben zwischen den beteiligten Parteien beigelegt.<\/p>\n<p class=\"text-muted\">11.2. Falls die Verhandlungen zu keiner zufriedenstellenden L\u00f6sung f\u00fchren, vereinbaren die Parteien, die Streitigkeit der ausschlie\u00dflichen Zust\u00e4ndigkeit der zust\u00e4ndigen Gerichte auf Schweizer Gebiet und im Kanton Tessin zu unterwerfen.<\/p>\n<p>&nbsp;<\/p>\n<h5>12. Verantwortungsbewusste Nutzung:<\/h5>\n<p class=\"text-muted\">12.1. Die Nutzer verpflichten sich, den Matrix Intelligence-Dienst verantwortungsbewusst und ethisch zu nutzen und Verhaltensweisen zu vermeiden, die die Integrit\u00e4t des Dienstes beeintr\u00e4chtigen oder gef\u00e4hrden oder anderen Nutzern oder Dritten Schaden zuf\u00fcgen k\u00f6nnten.<\/p>\n<p>&nbsp;<\/p>\n<h5>13. Einhaltung von Gesetzen und Vorschriften:<\/h5>\n<p class=\"text-muted\">13.1. Die Nutzer verpflichten sich, alle Gesetze, Vorschriften und vertraglichen Verpflichtungen einzuhalten, die f\u00fcr die Nutzung des Matrix Intelligence-Dienstes gelten, einschlie\u00dflich, aber nicht beschr\u00e4nkt auf Datenschutzgesetze, Cybersicherheitsgesetze und Gesetze zum Schutz geistigen Eigentums.<\/p>\n<p>&nbsp;<\/p>\n<h5>14. Verbot des Verkaufs oder Weiterverkaufs von Dienstleistungen:<\/h5>\n<p class=\"text-muted\">14.1. Nutzer d\u00fcrfen ihren Zugang zum Matrix Intelligence-Dienst ohne vorherige Zustimmung von Matrix Intelligence nicht an Dritte verkaufen, weiterverkaufen oder \u00fcbertragen.<\/p>\n<p>&nbsp;<\/p>\n<h5>15. Mitteilungen und Bekanntmachungen:<\/h5>\n<p class=\"text-muted\">15.1. Die Nutzer erkl\u00e4ren sich damit einverstanden, Mitteilungen und Benachrichtigungen von Matrix Intelligence zu erhalten, darunter Service-Updates, Sicherheitswarnungen und andere f\u00fcr die Nutzung des Dienstes relevante Informationen.<\/p>\n<p>&nbsp;<\/p>\n<h5>16. Aufbewahrungsfrist f\u00fcr Daten:<\/h5>\n<p class=\"text-muted\">16.1. Matrix Intelligence beh\u00e4lt sich das Recht vor, Nutzerdaten nach Beendigung der Nutzung des Dienstes f\u00fcr einen bestimmten Zeitraum gem\u00e4\u00df den geltenden Gesetzen und Vorschriften zur Datenaufbewahrung aufzubewahren.<\/p>\n<p>&nbsp;<\/p>\n<h5>17. Vertraulichkeit und Transparenz:<\/h5>\n<p class=\"text-muted\">17.1. Matrix Intelligence verpflichtet sich, die Vertraulichkeit der Benutzerdaten zu wahren und Transparenz hinsichtlich der Verwaltung personenbezogener Daten zu gew\u00e4hrleisten. Alle Benutzer haben das Recht, auf ihre personenbezogenen Daten zuzugreifen und deren \u00c4nderung oder L\u00f6schung gem\u00e4\u00df den geltenden Datenschutzgesetzen zu verlangen.<\/p>\n<p class=\"text-muted\">17.2. Weitere Einzelheiten zur Datenerhebung, -verwendung und -schutzpraxis k\u00f6nnen die Nutzer in den Datenschutzrichtlinien von Matrix Intelligence nachlesen.<\/p>\n<p>&nbsp;<\/p>\n<h5>18. Hilfe und Unterst\u00fctzung:<\/h5>\n<p class=\"text-muted\">18.1. Matrix Intelligence bietet Nutzern Hilfe und Unterst\u00fctzung bei der L\u00f6sung von technischen Problemen oder Fragen im Zusammenhang mit dem Dienst. Nutzer k\u00f6nnen den DocuTrap-Kundendienst \u00fcber die daf\u00fcr vorgesehenen Kan\u00e4le kontaktieren, um zeitnahe und professionelle Unterst\u00fctzung zu erhalten.<\/p>\n<p>&nbsp;<\/p>\n<h5>19. \u00dcberwachung und Einhaltung:<\/h5>\n<p class=\"text-muted\">19.1. Matrix Intelligence beh\u00e4lt sich das Recht vor, die Nutzung des Dienstes zu \u00fcberwachen, um die Einhaltung dieser Nutzungsbedingungen und geltender Gesetze sicherzustellen. Die Nutzer erkl\u00e4ren sich damit einverstanden, dass Matrix Intelligence eine solche \u00dcberwachung durchf\u00fchrt, und verpflichten sich, bei allen Untersuchungen oder Anfragen zur Einhaltung der Vorschriften uneingeschr\u00e4nkt zu kooperieren.<\/p>\n<p>&nbsp;<\/p>\n<h5>20. Service-Updates:<\/h5>\n<p class=\"text-muted\">20.1. Matrix Intelligence verpflichtet sich, regelm\u00e4\u00dfig Updates und Verbesserungen f\u00fcr den Dienst bereitzustellen, um maximale Effektivit\u00e4t und Sicherheit zu gew\u00e4hrleisten. Die Nutzer erkl\u00e4ren sich damit einverstanden, solche Updates zu installieren und zu verwenden, um eine optimale Nutzung des Dienstes zu gew\u00e4hrleisten.<\/p>\n<\/div><\/div>\n\t\t\t<\/div><div class=\"et_pb_module et_d4_element et_pb_image et_pb_image_0\">\n\t\t\t\t\n\t\t\t\t\n\t\t\t\t\n\t\t\t\t\n\t\t\t\t<span class=\"et_pb_image_wrap\"><img loading=\"lazy\" decoding=\"async\" width=\"512\" height=\"512\" src=\"https:\/\/matrixintelligence.swiss\/wp-content\/uploads\/2024\/11\/cropped-icon-e1743178575452.png\" alt=\"\" title=\"Symbol\" srcset=\"https:\/\/matrixintelligence.swiss\/wp-content\/uploads\/2024\/11\/cropped-icon-e1743178575452.png 512w, https:\/\/matrixintelligence.swiss\/wp-content\/uploads\/2024\/11\/cropped-icon-e1743178575452-480x480.png 480w\" sizes=\"(min-width: 0px) and (max-width: 480px) 480px, (min-width: 481px) 512px, 100vw\" class=\"wp-image-252431\" \/><\/span>\n\t\t\t<\/div>\n\t\t\t<\/div>\n\t\t\t\t\n\t\t\t\t\n\t\t\t\t\n\t\t\t\t\n\t\t\t<\/div>\n\t\t\t\t\n\t\t\t\t\n\t\t\t<\/div>","protected":false},"excerpt":{"rendered":"","protected":false},"author":3,"featured_media":0,"parent":0,"menu_order":0,"comment_status":"closed","ping_status":"closed","template":"","meta":{"_et_pb_use_builder":"on","_et_pb_old_content":"","_et_gb_content_width":"","footnotes":""},"class_list":["post-253093","page","type-page","status-publish","hentry"],"_links":{"self":[{"href":"https:\/\/matrixintelligence.swiss\/de\/wp-json\/wp\/v2\/pages\/253093","targetHints":{"allow":["GET"]}}],"collection":[{"href":"https:\/\/matrixintelligence.swiss\/de\/wp-json\/wp\/v2\/pages"}],"about":[{"href":"https:\/\/matrixintelligence.swiss\/de\/wp-json\/wp\/v2\/types\/page"}],"author":[{"embeddable":true,"href":"https:\/\/matrixintelligence.swiss\/de\/wp-json\/wp\/v2\/users\/3"}],"replies":[{"embeddable":true,"href":"https:\/\/matrixintelligence.swiss\/de\/wp-json\/wp\/v2\/comments?post=253093"}],"version-history":[{"count":13,"href":"https:\/\/matrixintelligence.swiss\/de\/wp-json\/wp\/v2\/pages\/253093\/revisions"}],"predecessor-version":[{"id":253138,"href":"https:\/\/matrixintelligence.swiss\/de\/wp-json\/wp\/v2\/pages\/253093\/revisions\/253138"}],"wp:attachment":[{"href":"https:\/\/matrixintelligence.swiss\/de\/wp-json\/wp\/v2\/media?parent=253093"}],"curies":[{"name":"wp","href":"https:\/\/api.w.org\/{rel}","templated":true}]}}